{"id":471,"date":"2020-04-27T16:06:25","date_gmt":"2020-04-27T14:06:25","guid":{"rendered":"https:\/\/www.casadellabibbia.it\/wp\/?page_id=471"},"modified":"2020-05-14T15:32:48","modified_gmt":"2020-05-14T13:32:48","slug":"libri-di-consolazione-e-di-incoraggiamento-nei-momenti-difficili","status":"publish","type":"page","link":"https:\/\/www.casadellabibbia.it\/wp\/libri-di-consolazione-e-di-incoraggiamento-nei-momenti-difficili\/","title":{"rendered":"Libri di consolazione e di incoraggiamento nei momenti difficili"},"content":{"rendered":"<p>[et_pb_section fb_built=&#8221;1&#8243; _builder_version=&#8221;3.26.6&#8243; custom_padding=&#8221;7px||8px|||&#8221;][et_pb_row make_equal=&#8221;on&#8221; _builder_version=&#8221;3.26.6&#8243; custom_padding=&#8221;||5px|||&#8221; custom_css_main_element=&#8221;align-items: center;&#8221;][et_pb_column type=&#8221;4_4&#8243; _builder_version=&#8221;3.26.6&#8243;][et_pb_image src=&#8221;http:\/\/www.casadellabibbia.it\/wp\/wp-content\/uploads\/2019\/08\/LOGO-CDB-NUOVO-2019-400.jpg&#8221; align=&#8221;center&#8221; _builder_version=&#8221;3.26.6&#8243; custom_padding=&#8221;||0px|||&#8221;][\/et_pb_image][\/et_pb_column][\/et_pb_row][et_pb_row make_equal=&#8221;on&#8221; _builder_version=&#8221;3.26.6&#8243; custom_padding=&#8221;4px|||||&#8221; custom_css_main_element=&#8221;align-items: center;&#8221;][et_pb_column type=&#8221;4_4&#8243; _builder_version=&#8221;3.26.6&#8243;][et_pb_image src=&#8221;https:\/\/www.casadellabibbia.it\/wp\/wp-content\/uploads\/2020\/04\/giovani-leggono-bibbia.jpg&#8221; align=&#8221;center&#8221; force_fullwidth=&#8221;on&#8221; _builder_version=&#8221;4.4.3&#8243; custom_padding=&#8221;0px||10px|||&#8221;][\/et_pb_image][et_pb_text _builder_version=&#8221;4.4.3&#8243;]<\/p>\n<p>Siate forti e coraggiosi, non temete e non vi spaventate di loro, perch\u00e9 il SIGNORE, il tuo Dio, \u00e8 colui che cammina con te; egli non ti lascer\u00e0 e non ti abbandoner\u00e0.<br \/>Deuteronomio 31:6<\/p>\n<p>[\/et_pb_text][\/et_pb_column][\/et_pb_row][et_pb_row make_equal=&#8221;on&#8221; _builder_version=&#8221;4.0.6&#8243; custom_padding=&#8221;3px||7px|||&#8221; custom_css_main_element=&#8221;align-items: center;&#8221;][et_pb_column type=&#8221;4_4&#8243; _builder_version=&#8221;4.0.6&#8243;][et_pb_text _builder_version=&#8221;4.4.3&#8243; text_font_size=&#8221;19px&#8221; text_line_height=&#8221;1.8em&#8221;]<\/p>\n<h2><strong><span style=\"color: #ff6600;\">Libri di consolazione e di incoraggiamento nei momenti difficili<\/span><br \/> <\/strong><\/h2>\n<p>In questo clima di grande insicurezza, incertezza e instabilit\u00e0 noi possiamo trovare serenit\u00e0 in Colui che ci \u00e8 vicino e che ha tutto sotto controllo.<br \/>Ecco alcuni libri di incoraggiamento per te e per coloro che ti pongono delle domande.<\/p>\n<p>[\/et_pb_text][\/et_pb_column][\/et_pb_row][et_pb_row _builder_version=&#8221;4.4.1&#8243; custom_padding=&#8221;||2px|||&#8221;][et_pb_column type=&#8221;4_4&#8243; _builder_version=&#8221;4.4.1&#8243;][et_pb_divider _builder_version=&#8221;4.4.1&#8243;][\/et_pb_divider][\/et_pb_column][\/et_pb_row][et_pb_row _builder_version=&#8221;4.4.1&#8243; custom_padding=&#8221;0px|||||&#8221; locked=&#8221;off&#8221;][et_pb_column type=&#8221;4_4&#8243; _builder_version=&#8221;4.4.1&#8243;][et_pb_text _builder_version=&#8221;4.4.3&#8243; text_font_size=&#8221;19px&#8221; header_3_text_align=&#8221;center&#8221; header_3_font_size=&#8221;34px&#8221;]<\/p>\n<h3><span style=\"color: #ff6600;\"><strong>Per essere incoraggiati<br \/><\/strong><\/span><\/h3>\n<p>[\/et_pb_text][\/et_pb_column][\/et_pb_row][et_pb_row column_structure=&#8221;1_3,2_3&#8243; make_equal=&#8221;on&#8221; _builder_version=&#8221;4.0.6&#8243; custom_padding=&#8221;1px|||||&#8221; custom_css_main_element=&#8221;align-items: center;&#8221;][et_pb_column type=&#8221;1_3&#8243; _builder_version=&#8221;4.0.6&#8243;][et_pb_image src=&#8221;https:\/\/www.casadellabibbia.it\/wp\/wp-content\/uploads\/2020\/04\/golia-deve-cadere.jpg&#8221; align=&#8221;center&#8221; _builder_version=&#8221;4.4.3&#8243;][\/et_pb_image][\/et_pb_column][et_pb_column type=&#8221;2_3&#8243; _builder_version=&#8221;4.0.6&#8243;][et_pb_text _builder_version=&#8221;4.4.3&#8243; text_font_size=&#8221;19px&#8221;]<\/p>\n<p><strong>Golia deve cadere<\/strong><br \/><span style=\"color: #ff6600;\"><strong>16,90 \u20ac<\/strong><\/span><\/p>\n<p>Un&#8217;interessante lettura della storia di Davide e Golia secondo la quale la chiave per vivere liberi dai nostri giganti non \u00e8 acquisire una migliore tecnica con la fionda, bens\u00ec tenere lo sguardo fisso sull&#8217;unico che pu\u00f2 abbattere i giganti: Ges\u00f9&#8230;<\/p>\n<p><strong><a href=\"https:\/\/www.casadellabibbia.it\/crescita-spirituale\/5339-golia-deve-cadere-9788879000635.html\" target=\"_blank\" rel=\"noopener noreferrer\"><span style=\"color: #ff6600;\">&gt; INFORMAZIONI E ACQUISTI<\/span><\/a><\/strong><\/p>\n<p>[\/et_pb_text][\/et_pb_column][\/et_pb_row][et_pb_row column_structure=&#8221;1_3,2_3&#8243; make_equal=&#8221;on&#8221; _builder_version=&#8221;4.0.6&#8243; custom_css_main_element=&#8221;align-items: center;&#8221;][et_pb_column type=&#8221;1_3&#8243; _builder_version=&#8221;4.0.6&#8243;][et_pb_image src=&#8221;https:\/\/www.casadellabibbia.it\/wp\/wp-content\/uploads\/2020\/04\/affronta-i-tuoi-giganti.jpg&#8221; align=&#8221;center&#8221; _builder_version=&#8221;4.4.3&#8243;][\/et_pb_image][\/et_pb_column][et_pb_column type=&#8221;2_3&#8243; _builder_version=&#8221;4.0.6&#8243;][et_pb_text _builder_version=&#8221;4.4.3&#8243; text_font_size=&#8221;19px&#8221;]<\/p>\n<p><strong>Affronta i tuoi giganti<\/strong><br \/><span style=\"color: #ff6600;\"><strong>12,00 \u20ac<\/strong><\/span><\/p>\n<p>La lezione di Davide e Golia per l&#8217;uomo d&#8217;oggi. Se ti concentri sui giganti, inciamperai. Se ti concentri su Dio, i tuoi giganti crolleranno.<br \/>Da quanto tempo non carichi la fionda per colpire il tuo gigante? Lo stesso Dio che aiut\u00f2 Davide aiuter\u00e0 anche te&#8230;<\/p>\n<p><span style=\"color: #ff6600;\"><a href=\"https:\/\/www.casadellabibbia.it\/crescita-spirituale\/5000-affronta-i-tuoi-giganti-9788880772859.html\" target=\"_blank\" rel=\"noopener noreferrer\" style=\"color: #ff6600;\"><strong>&gt; INFORMAZIONI E ACQUISTI<\/strong><\/a><\/span><\/p>\n<p>[\/et_pb_text][\/et_pb_column][\/et_pb_row][et_pb_row column_structure=&#8221;1_3,2_3&#8243; make_equal=&#8221;on&#8221; _builder_version=&#8221;4.0.6&#8243; custom_css_main_element=&#8221;align-items: center;&#8221;][et_pb_column type=&#8221;1_3&#8243; _builder_version=&#8221;4.0.6&#8243;][et_pb_image src=&#8221;https:\/\/www.casadellabibbia.it\/wp\/wp-content\/uploads\/2020\/04\/affronta-i-tuoi-giganti-edizione-per-adolescenti.jpg&#8221; align=&#8221;center&#8221; _builder_version=&#8221;4.4.3&#8243;][\/et_pb_image][\/et_pb_column][et_pb_column type=&#8221;2_3&#8243; _builder_version=&#8221;4.0.6&#8243;][et_pb_text _builder_version=&#8221;4.4.3&#8243; text_font_size=&#8221;19px&#8221;]<\/p>\n<p><strong>Affronta i tuoi giganti Edizione per adolescenti<\/strong><br \/><span style=\"color: #ff6600;\"><strong>12,00 \u20ac<\/strong><\/span><\/p>\n<p>Una fede incrollabile permise al giovane pastore Davide di sconfiggere il gigante Golia con niente pi\u00f9 di una semplice pietra. Quali moderni o vecchi giganti stai affrontando oggi? I giganti che si burlano di te giorno dopo giorno non spaventano affatto Dio!<br \/>Max Lucado incoraggia gli adolescenti ad attingere forza da Dio per affrontare le sfide della vita con coraggio e perseveranza.<\/p>\n<p><strong><span style=\"color: #ff6600;\"><a href=\"https:\/\/www.casadellabibbia.it\/adolescenti\/5001-affronta-i-tuoi-giganti-edizione-per-adolescenti-9788880774358.html\" target=\"_blank\" rel=\"noopener noreferrer\" style=\"color: #ff6600;\">&gt; INFORMAZIONI E ACQUISTI<\/a><\/span><\/strong><\/p>\n<p>[\/et_pb_text][\/et_pb_column][\/et_pb_row][et_pb_row _builder_version=&#8221;4.4.1&#8243; custom_padding=&#8221;0px|||||&#8221; locked=&#8221;off&#8221;][et_pb_column type=&#8221;4_4&#8243; _builder_version=&#8221;4.4.1&#8243;][et_pb_text _builder_version=&#8221;4.4.3&#8243; text_font_size=&#8221;19px&#8221; header_3_text_align=&#8221;center&#8221; header_3_font_size=&#8221;34px&#8221;]<\/p>\n<h3><span style=\"color: #ff6600;\"><strong>Per chi si trova nella prova<br \/> <\/strong><\/span><\/h3>\n<p>[\/et_pb_text][\/et_pb_column][\/et_pb_row][et_pb_row column_structure=&#8221;1_3,2_3&#8243; make_equal=&#8221;on&#8221; _builder_version=&#8221;4.0.6&#8243; custom_padding=&#8221;7px|||||&#8221; custom_css_main_element=&#8221;align-items: center;&#8221;][et_pb_column type=&#8221;1_3&#8243; _builder_version=&#8221;4.0.6&#8243;][et_pb_image src=&#8221;https:\/\/www.casadellabibbia.it\/wp\/wp-content\/uploads\/2020\/04\/gioia-nel-dolore-coraggio-nella-crisi.jpg&#8221; align=&#8221;center&#8221; _builder_version=&#8221;4.4.3&#8243;][\/et_pb_image][\/et_pb_column][et_pb_column type=&#8221;2_3&#8243; _builder_version=&#8221;4.0.6&#8243;][et_pb_text _builder_version=&#8221;4.4.3&#8243; text_font_size=&#8221;19px&#8221;]<\/p>\n<p><strong>Gioia nel dolore, coraggio nella crisi<\/strong><br \/><span style=\"color: #ff6600;\"><strong>11,90 \u20ac<\/strong><\/span><\/p>\n<p>Quando l&#8217;afflizione \u00e8 profonda, nel nostro animo si accumulano sentimenti di grande intensit\u00e0 che spesso formano un groviglio inestricabile. Una tristezza profonda ci sopraff\u00e0 e ci induce a credere che non valga pi\u00f9 la pena di vivere. Tuttavia pur nello smarrimento possiamo trovare una chiarezza spirituale e un refrigerio misteriosi e paradossali che possono essere soltanto attribuiti al tenersi avvinti a una fede incrollabile nell&#8217;assoluta bont\u00e0 dei fini ultimi di Dio.<\/p>\n<p><strong><span style=\"color: #ff6600;\"><a href=\"https:\/\/www.casadellabibbia.it\/testimonianze\/3396-gioia-nel-dolore-coraggio-nella-crisi-9788884690050.html\" target=\"_blank\" rel=\"noopener noreferrer\" style=\"color: #ff6600;\">&gt; INFORMAZIONI E ACQUISTI<\/a><\/span><\/strong><\/p>\n<p>[\/et_pb_text][\/et_pb_column][\/et_pb_row][et_pb_row column_structure=&#8221;1_3,2_3&#8243; make_equal=&#8221;on&#8221; _builder_version=&#8221;4.0.6&#8243; custom_css_main_element=&#8221;align-items: center;&#8221;][et_pb_column type=&#8221;1_3&#8243; _builder_version=&#8221;4.0.6&#8243;][et_pb_image src=&#8221;https:\/\/www.casadellabibbia.it\/wp\/wp-content\/uploads\/2020\/04\/la-spina-nella-carne-come-trovare-forza-e-speranza-nella-sofferenza.jpg&#8221; align=&#8221;center&#8221; _builder_version=&#8221;4.4.3&#8243;][\/et_pb_image][\/et_pb_column][et_pb_column type=&#8221;2_3&#8243; _builder_version=&#8221;4.0.6&#8243;][et_pb_text _builder_version=&#8221;4.4.3&#8243; text_font_size=&#8221;19px&#8221;]<\/p>\n<p><strong>La spina nella carne. Come trovare forza e speranza nella sofferenza<\/strong><br \/><span style=\"color: #ff6600;\"><strong>20,00 \u20ac<\/strong><\/span><\/p>\n<p>Che cos\u2019\u00e8 una &#8220;spina&#8221;? Pablo Martinez sa di queste cose di prima mano. Per pi\u00f9 di venticinque anni ha sofferto personalmente per una rara malattia agli occhi. Altri hanno sperimentato eventi traumatici difficili finanche da descrivere a parole. Pablo ha incontrato continuamente gente del genere, a causa del suo lavoro&#8230;<\/p>\n<p><span style=\"color: #ff6600;\"><strong><a href=\"https:\/\/www.casadellabibbia.it\/prove\/2168-la-spina-nella-carne-come-trovare-forza-e-speranza-nella-sofferenza-9788896441244.html\" target=\"_blank\" rel=\"noopener noreferrer\" style=\"color: #ff6600;\">&gt; INFORMAZIONI E ACQUISTI<\/a><\/strong><\/span><\/p>\n<p>[\/et_pb_text][\/et_pb_column][\/et_pb_row][et_pb_row column_structure=&#8221;1_3,2_3&#8243; make_equal=&#8221;on&#8221; _builder_version=&#8221;4.0.6&#8243; custom_css_main_element=&#8221;align-items: center;&#8221;][et_pb_column type=&#8221;1_3&#8243; _builder_version=&#8221;4.0.6&#8243;][et_pb_image src=&#8221;https:\/\/www.casadellabibbia.it\/wp\/wp-content\/uploads\/2020\/04\/quando-infuria-la-bufera-con-cristo-nelle-tempeste-della-vita.jpg&#8221; align=&#8221;center&#8221; _builder_version=&#8221;4.4.3&#8243;][\/et_pb_image][\/et_pb_column][et_pb_column type=&#8221;2_3&#8243; _builder_version=&#8221;4.0.6&#8243;][et_pb_text _builder_version=&#8221;4.4.3&#8243; text_font_size=&#8221;19px&#8221;]<\/p>\n<p><strong>Quando infuria la bufera &#8211; Con Cristo nelle tempeste della vita<\/strong><br \/><span style=\"color: #ff6600;\"><strong>7,90 \u20ac<\/strong><\/span><\/p>\n<p>La vita \u00e8 piena di burrasche che non si possono evitare, perch\u00e9 viviamo in un mondo decaduto e travagliato. Talvolta, a causa dei problemi finanziari, matrimoni difficili, perdita di persone care o malattie debilitanti, ci sentiamo spinti alla deriva della fede. Grazie a Dio, quando affrontiamo tali tempeste non siamo soli, proprio come avvenne all&#8217;apostolo Paolo nel suo viaggio avventuroso attraverso il Mediterraneo: il Signore non lo lasci\u00f2 preda degli eventi. In questo libro, Dan Hayden esamina&#8230;<\/p>\n<p><span style=\"color: #ff6600;\"><strong><a href=\"https:\/\/www.casadellabibbia.it\/prove\/190-quando-infuria-la-bufera---con-cristo-nelle-tempeste-della-vita-9788889698242.html\" target=\"_blank\" rel=\"noopener noreferrer\" style=\"color: #ff6600;\">&gt; INFORMAZIONI E ACQUISTI<\/a><\/strong><\/span><\/p>\n<p>[\/et_pb_text][\/et_pb_column][\/et_pb_row][et_pb_row _builder_version=&#8221;4.4.1&#8243; custom_padding=&#8221;0px|||||&#8221; locked=&#8221;off&#8221;][et_pb_column type=&#8221;4_4&#8243; _builder_version=&#8221;4.4.1&#8243;][et_pb_text _builder_version=&#8221;4.4.3&#8243; text_font_size=&#8221;19px&#8221; header_3_text_align=&#8221;center&#8221; header_3_font_size=&#8221;34px&#8221; custom_margin=&#8221;37px|||||&#8221;]<\/p>\n<h3><span style=\"color: #ff6600;\"><strong>Per la testimonianza<br \/> <\/strong><\/span><\/h3>\n<p>[\/et_pb_text][\/et_pb_column][\/et_pb_row][et_pb_row column_structure=&#8221;1_3,2_3&#8243; make_equal=&#8221;on&#8221; _builder_version=&#8221;4.0.6&#8243; custom_padding=&#8221;1px||5px|||&#8221; custom_css_main_element=&#8221;align-items: center;&#8221;][et_pb_column type=&#8221;1_3&#8243; _builder_version=&#8221;4.0.6&#8243;][et_pb_image src=&#8221;https:\/\/www.casadellabibbia.it\/wp\/wp-content\/uploads\/2020\/04\/il-fuoco-addosso.jpg&#8221; align=&#8221;center&#8221; _builder_version=&#8221;4.4.3&#8243;][\/et_pb_image][\/et_pb_column][et_pb_column type=&#8221;2_3&#8243; _builder_version=&#8221;4.0.6&#8243;][et_pb_text _builder_version=&#8221;4.4.3&#8243; text_font_size=&#8221;19px&#8221;]<\/p>\n<p><strong>Il fuoco addosso<\/strong><br \/><span style=\"color: #ff6600;\"><strong>19,90 \u20ac<\/strong><\/span><\/p>\n<p>Il fuoco addosso \u00e8 la storia di un orrore implacabile, ma anche di una speranza inaspettata, che si fa spazio tra le macerie del dramma della guerra, la storia di un riscatto che arriva attraverso la scoperta del perdono. &#8220;Quelle bombe&#8221;, scrive l&#8217;autrice, &#8220;mi hanno condotta a Cristo&#8221;.<br \/>Un racconto appassionante e commovente, che non pu\u00f2 lasciare indifferenti&#8230;<\/p>\n<p><span style=\"color: #ff6600;\"><strong><a href=\"https:\/\/www.casadellabibbia.it\/biografie\/5732-il-fuoco-addosso-9788831224000.html\" target=\"_blank\" rel=\"noopener noreferrer\" style=\"color: #ff6600;\">&gt; INFORMAZIONI E ACQUISTI<\/a><\/strong><\/span><\/p>\n<p>[\/et_pb_text][\/et_pb_column][\/et_pb_row][et_pb_row column_structure=&#8221;1_3,2_3&#8243; make_equal=&#8221;on&#8221; _builder_version=&#8221;4.0.6&#8243; custom_padding=&#8221;||5px|||&#8221; custom_css_main_element=&#8221;align-items: center;&#8221;][et_pb_column type=&#8221;1_3&#8243; _builder_version=&#8221;4.0.6&#8243;][et_pb_image src=&#8221;https:\/\/www.casadellabibbia.it\/wp\/wp-content\/uploads\/2020\/04\/pace-con-dio-1.jpg&#8221; align=&#8221;center&#8221; _builder_version=&#8221;4.4.3&#8243;][\/et_pb_image][\/et_pb_column][et_pb_column type=&#8221;2_3&#8243; _builder_version=&#8221;4.0.6&#8243;][et_pb_text _builder_version=&#8221;4.4.3&#8243; text_font_size=&#8221;19px&#8221;]<\/p>\n<p><strong>Pace con Dio<\/strong><br \/><span style=\"color: #ff6600;\"><strong>12,90 \u20ac<\/strong><\/span><\/p>\n<p>Uno dei migliori testi evangelistici in circolazione. Billy Graham condivide in questo libro la promessa garbata e rassicurante che \u00e8 possibile trovare la tranquillit\u00e0 spirituale, una pace personale autentica, anche nel bel mezzo di una vita rovinata dallo stress, dall&#8217;eccesso di pesi e da un&#8217;angoscia insopportabile&#8230;<\/p>\n<p><span style=\"color: #ff6600;\"><strong><a href=\"https:\/\/www.casadellabibbia.it\/libri-per-evangelizzare\/1080-pace-con-dio-9788879000550.html\" target=\"_blank\" rel=\"noopener noreferrer\" style=\"color: #ff6600;\">&gt; INFORMAZIONI E ACQUISTI<\/a><\/strong><\/span><\/p>\n<p>[\/et_pb_text][\/et_pb_column][\/et_pb_row][et_pb_row column_structure=&#8221;1_3,2_3&#8243; make_equal=&#8221;on&#8221; _builder_version=&#8221;4.0.6&#8243; custom_padding=&#8221;||5px|||&#8221; custom_css_main_element=&#8221;align-items: center;&#8221;][et_pb_column type=&#8221;1_3&#8243; _builder_version=&#8221;4.0.6&#8243;][et_pb_image src=&#8221;https:\/\/www.casadellabibbia.it\/wp\/wp-content\/uploads\/2020\/04\/vita-senza-limiti.jpg&#8221; align=&#8221;center&#8221; _builder_version=&#8221;4.4.3&#8243;][\/et_pb_image][\/et_pb_column][et_pb_column type=&#8221;2_3&#8243; _builder_version=&#8221;4.0.6&#8243;][et_pb_text _builder_version=&#8221;4.4.3&#8243; text_font_size=&#8221;19px&#8221;]<\/p>\n<p><strong>VITA SENZA LIMITI<\/strong><br \/><span style=\"color: #ff6600;\"><strong>16,90 \u20ac<\/strong><\/span><\/p>\n<p>In questo libro Nick racconta la storia della sua disabilit\u00e0 e la battaglia emotiva che ha combattuto mentre cresceva e imparava a convivere con il suo handicap come bambino, adolescente e adulto. &#8220;La cosa pi\u00f9 importante&#8221;, dice, &#8220;\u00e8 scoprire lo scopo della propria vita e non mollare mai, nonostante le difficolt\u00e0 o gli ostacoli apparentemente insormontabili che ci sbarreranno la strada&#8230;\u00a0<\/p>\n<p><span style=\"color: #ff6600;\"><strong><a href=\"https:\/\/www.casadellabibbia.it\/biografie\/3444-vita-senza-limiti-9788884690647.html\" target=\"_blank\" rel=\"noopener noreferrer\" style=\"color: #ff6600;\">&gt; INFORMAZIONI E ACQUISTI<\/a><\/strong><\/span><\/p>\n<p>[\/et_pb_text][\/et_pb_column][\/et_pb_row][et_pb_row column_structure=&#8221;1_3,2_3&#8243; make_equal=&#8221;on&#8221; _builder_version=&#8221;4.0.6&#8243; custom_padding=&#8221;||5px|||&#8221; custom_css_main_element=&#8221;align-items: center;&#8221;][et_pb_column type=&#8221;1_3&#8243; _builder_version=&#8221;4.0.6&#8243;][et_pb_image src=&#8221;https:\/\/www.casadellabibbia.it\/wp\/wp-content\/uploads\/2020\/04\/fino-a-quando-oh-signore-riflessioni-sulla-sofferenza-e-sul-male.jpg&#8221; align=&#8221;center&#8221; _builder_version=&#8221;4.4.3&#8243;][\/et_pb_image][\/et_pb_column][et_pb_column type=&#8221;2_3&#8243; _builder_version=&#8221;4.0.6&#8243;][et_pb_text _builder_version=&#8221;4.4.3&#8243; text_font_size=&#8221;19px&#8221;]<\/p>\n<p><strong>FINO A QUANDO OH SIGNORE? &#8211; Riflessioni sulla sofferenza e sul male<\/strong><br \/><span style=\"color: #ff6600;\"><strong>20,00 \u20ac<\/strong><\/span><\/p>\n<p>Se Dio \u00e8 buono e sovrano, perch\u00e9 esiste il male? Questa domanda che, indipendentemente dalle convinzioni religiose di chi la pone, attanaglia da secoli l\u2019intelligenza dell\u2019uomo, trova nella mente e nel cuore del cristiano una coniugazione e una risonanza peculiari&#8230;\u00a0<\/p>\n<p><span style=\"color: #ff6600;\"><strong><a href=\"https:\/\/www.casadellabibbia.it\/prove\/2202-fino-a-quando-oh-signore-riflessioni-sulla-sofferenza-e-sul-male-9788896441732.html\" target=\"_blank\" rel=\"noopener noreferrer\" style=\"color: #ff6600;\">&gt; INFORMAZIONI E ACQUISTI<\/a><\/strong><\/span><\/p>\n<p>[\/et_pb_text][\/et_pb_column][\/et_pb_row][et_pb_row make_equal=&#8221;on&#8221; _builder_version=&#8221;4.0.6&#8243; custom_css_main_element=&#8221;align-items: center;&#8221;][et_pb_column type=&#8221;4_4&#8243; _builder_version=&#8221;4.0.6&#8243;][et_pb_divider _builder_version=&#8221;4.0.6&#8243;][\/et_pb_divider][\/et_pb_column][\/et_pb_row][et_pb_row _builder_version=&#8221;4.4.1&#8243; custom_margin=&#8221;-44px|auto||auto||&#8221;][et_pb_column type=&#8221;4_4&#8243; _builder_version=&#8221;4.4.1&#8243;][et_pb_image src=&#8221;https:\/\/www.casadellabibbia.it\/wp\/wp-content\/uploads\/2020\/03\/Immagine-SPEDIZIONI-900.jpg&#8221; align=&#8221;center&#8221; _builder_version=&#8221;4.4.1&#8243;][\/et_pb_image][et_pb_text content_last_edited=&#8221;off|desktop&#8221; _builder_version=&#8221;4.4.1&#8243; text_font_size=&#8221;33px&#8221; header_2_text_align=&#8221;center&#8221; header_2_font_size=&#8221;34px&#8221; header_2_line_height=&#8221;1.2em&#8221; text_font_size_tablet=&#8221;&#8221; text_font_size_phone=&#8221;22px&#8221; text_font_size_last_edited=&#8221;on|phone&#8221; header_font_size_tablet=&#8221;&#8221; header_font_size_phone=&#8221;23px&#8221; header_font_size_last_edited=&#8221;on|desktop&#8221;]<\/p>\n<p style=\"text-align: center;\"><strong>DISPONIBILI <span style=\"color: #ff6600;\">4000<\/span> TITOLI <\/strong><\/p>\n<p style=\"text-align: center;\"><strong>BIBBIE &#8211; LIBRI &#8211; DVD<\/strong><\/p>\n<p style=\"text-align: center;\"><strong>\u00a0<span style=\"color: #ff6600;\"><a href=\"https:\/\/www.casadellabibbia.it\" target=\"_blank\" rel=\"noopener noreferrer\" style=\"color: #ff6600;\">WWW.CASADELLABIBBIA.IT<\/a><\/span><\/strong><\/p>\n<p>[\/et_pb_text][\/et_pb_column][\/et_pb_row][et_pb_row make_equal=&#8221;on&#8221; _builder_version=&#8221;4.0.6&#8243; custom_padding=&#8221;6px|||||&#8221; custom_css_main_element=&#8221;align-items: center;&#8221;][et_pb_column type=&#8221;4_4&#8243; _builder_version=&#8221;4.0.6&#8243;][et_pb_text _builder_version=&#8221;4.0.6&#8243;]<\/p>\n<h2 style=\"text-align: center;\"><strong>La Casa della Bibbia<\/strong><\/h2>\n<p style=\"text-align: center;\">Via Massari 189 &#8211; 10148 Torino &#8211; Italia<br \/>Tel: 0112052386 &#8211; informazioni@casadellabibbia.it<br \/>P IVA 06582980014 &#8211; R.E.A. Torino 798378<br \/><a href=\"https:\/\/www.casadellabibbia.it\/content\/7-informativa-sulla-privacy\" target=\"_blank\" rel=\"noopener noreferrer\">Informativa privacy<\/a> &#8211; <a href=\"https:\/\/www.casadellabibbia.it\/content\/11-cookies-pplicy\" target=\"_blank\" rel=\"noopener noreferrer\">Cookies policy<\/a><\/p>\n<p>[\/et_pb_text][\/et_pb_column][\/et_pb_row][\/et_pb_section]<\/p>\n","protected":false},"excerpt":{"rendered":"<p>Siate forti e coraggiosi, non temete e non vi spaventate di loro, perch\u00e9 il SIGNORE, il tuo Dio, \u00e8 colui che cammina con te; egli non ti lascer\u00e0 e non ti abbandoner\u00e0.Deuteronomio 31:6Libri di consolazione e di incoraggiamento nei momenti difficili In questo clima di grande insicurezza, incertezza e instabilit\u00e0 noi possiamo trovare serenit\u00e0 in [&hellip;]<\/p>\n","protected":false},"author":1,"featured_media":0,"parent":0,"menu_order":0,"comment_status":"closed","ping_status":"closed","template":"page-template-blank.php","meta":{"_et_pb_use_builder":"on","_et_pb_old_content":"","_et_gb_content_width":"","footnotes":""},"class_list":["post-471","page","type-page","status-publish","hentry"],"_links":{"self":[{"href":"https:\/\/www.casadellabibbia.it\/wp\/wp-json\/wp\/v2\/pages\/471","targetHints":{"allow":["GET"]}}],"collection":[{"href":"https:\/\/www.casadellabibbia.it\/wp\/wp-json\/wp\/v2\/pages"}],"about":[{"href":"https:\/\/www.casadellabibbia.it\/wp\/wp-json\/wp\/v2\/types\/page"}],"author":[{"embeddable":true,"href":"https:\/\/www.casadellabibbia.it\/wp\/wp-json\/wp\/v2\/users\/1"}],"replies":[{"embeddable":true,"href":"https:\/\/www.casadellabibbia.it\/wp\/wp-json\/wp\/v2\/comments?post=471"}],"version-history":[{"count":9,"href":"https:\/\/www.casadellabibbia.it\/wp\/wp-json\/wp\/v2\/pages\/471\/revisions"}],"predecessor-version":[{"id":591,"href":"https:\/\/www.casadellabibbia.it\/wp\/wp-json\/wp\/v2\/pages\/471\/revisions\/591"}],"wp:attachment":[{"href":"https:\/\/www.casadellabibbia.it\/wp\/wp-json\/wp\/v2\/media?parent=471"}],"curies":[{"name":"wp","href":"https:\/\/api.w.org\/{rel}","templated":true}]}}