{"id":268,"date":"2020-03-28T21:19:07","date_gmt":"2020-03-28T20:19:07","guid":{"rendered":"https:\/\/www.casadellabibbia.it\/wp\/?page_id=268"},"modified":"2020-03-28T21:57:28","modified_gmt":"2020-03-28T20:57:28","slug":"offerta-francine-rivers","status":"publish","type":"page","link":"https:\/\/www.casadellabibbia.it\/wp\/offerta-francine-rivers\/","title":{"rendered":"Offerta Francine Rivers"},"content":{"rendered":"<p>[et_pb_section fb_built=&#8221;1&#8243; _builder_version=&#8221;3.26.6&#8243; custom_padding=&#8221;7px||8px|||&#8221;][et_pb_row make_equal=&#8221;on&#8221; _builder_version=&#8221;3.26.6&#8243; custom_css_main_element=&#8221;align-items: center;&#8221;][et_pb_column type=&#8221;4_4&#8243; _builder_version=&#8221;3.26.6&#8243;][et_pb_image src=&#8221;http:\/\/www.casadellabibbia.it\/wp\/wp-content\/uploads\/2019\/08\/LOGO-CDB-NUOVO-2019-400.jpg&#8221; align=&#8221;center&#8221; _builder_version=&#8221;3.26.6&#8243;][\/et_pb_image][\/et_pb_column][\/et_pb_row][et_pb_row make_equal=&#8221;on&#8221; _builder_version=&#8221;3.26.6&#8243; custom_padding=&#8221;4px|||||&#8221; custom_css_main_element=&#8221;align-items: center;&#8221;][et_pb_column type=&#8221;4_4&#8243; _builder_version=&#8221;3.26.6&#8243;][et_pb_image src=&#8221;https:\/\/www.casadellabibbia.it\/wp\/wp-content\/uploads\/2020\/03\/offerta-francine-rivers-900&#215;600-1.jpg&#8221; align=&#8221;center&#8221; _builder_version=&#8221;4.4.1&#8243; custom_padding=&#8221;0px||10px|||&#8221;][\/et_pb_image][\/et_pb_column][\/et_pb_row][et_pb_row make_equal=&#8221;on&#8221; _builder_version=&#8221;4.0.6&#8243; custom_padding=&#8221;0px||0px|||&#8221; custom_css_main_element=&#8221;align-items: center;&#8221;][et_pb_column type=&#8221;4_4&#8243; _builder_version=&#8221;4.0.6&#8243;][et_pb_text _builder_version=&#8221;4.4.1&#8243; text_font_size=&#8221;19px&#8221; custom_padding=&#8221;||0px|||&#8221;]<\/p>\n<h2 style=\"text-align: center;\"><strong><span style=\"color: #ff6600;\">SCONTI FINO A &#8211; 42%<\/span><\/strong><\/h2>\n<p style=\"text-align: center;\">VALIDA FINO A ESAURIMENTO SCORTE<\/p>\n<p style=\"text-align: center;\">[\/et_pb_text][et_pb_divider _builder_version=&#8221;4.0.6&#8243; custom_margin=&#8221;-30px|||||&#8221;][\/et_pb_divider][\/et_pb_column][\/et_pb_row][et_pb_row column_structure=&#8221;1_3,2_3&#8243; make_equal=&#8221;on&#8221; _builder_version=&#8221;4.0.6&#8243; custom_padding=&#8221;||7px|||&#8221; custom_css_main_element=&#8221;align-items: center;&#8221;][et_pb_column type=&#8221;1_3&#8243; _builder_version=&#8221;4.0.6&#8243;][et_pb_image src=&#8221;https:\/\/www.casadellabibbia.it\/wp\/wp-content\/uploads\/2020\/03\/FrancineRivers.jpg&#8221; align=&#8221;center&#8221; _builder_version=&#8221;4.4.1&#8243;][\/et_pb_image][\/et_pb_column][et_pb_column type=&#8221;2_3&#8243; _builder_version=&#8221;4.0.6&#8243;][et_pb_text _builder_version=&#8221;4.4.1&#8243; text_font_size=&#8221;19px&#8221;]<\/p>\n<h3><strong>FRANCINE S. RIVERS<\/strong><\/h3>\n<p>Scrittrice di successo, elencata tra gli autori di best-seller dal New York Times, ha pubblicato numerosi romanzi di successo con temi cristiani. Riscatto d\u2019amore, annoverato tra i classici della narrativa cristiana, \u00e8 considerato il manifesto della sua fede. I suoi romanzi, tradotti in oltre 30 lingue, continuano a riscuotere il successo di pubblico e critica in tutto il mondo, tanto che l\u2019autrice \u00e8 stata inserita nella Hall of Fame degli autori di romanzi americani.<br \/> Per l\u2019autrice la scrittura \u00e8 un modo per testimoniare della fede e per esprimere la sua gratitudine a Dio. Francine e suo marito vivono nel nord della California.<\/p>\n<p>[\/et_pb_text][\/et_pb_column][\/et_pb_row][et_pb_row _builder_version=&#8221;4.4.1&#8243; custom_padding=&#8221;||2px|||&#8221;][et_pb_column type=&#8221;4_4&#8243; _builder_version=&#8221;4.4.1&#8243;][et_pb_divider _builder_version=&#8221;4.4.1&#8243;][\/et_pb_divider][\/et_pb_column][\/et_pb_row][et_pb_row _builder_version=&#8221;4.4.1&#8243; custom_padding=&#8221;0px|||||&#8221; locked=&#8221;off&#8221;][et_pb_column type=&#8221;4_4&#8243; _builder_version=&#8221;4.4.1&#8243;][et_pb_text _builder_version=&#8221;4.4.1&#8243; text_font_size=&#8221;19px&#8221; header_3_text_align=&#8221;center&#8221; header_3_font_size=&#8221;34px&#8221;]<\/p>\n<h3><span style=\"color: #ff6600;\"><strong>REMAINDER<\/strong><\/span><\/h3>\n<p>[\/et_pb_text][\/et_pb_column][\/et_pb_row][et_pb_row column_structure=&#8221;1_3,2_3&#8243; make_equal=&#8221;on&#8221; _builder_version=&#8221;4.0.6&#8243; custom_padding=&#8221;1px|||||&#8221; custom_css_main_element=&#8221;align-items: center;&#8221;][et_pb_column type=&#8221;1_3&#8243; _builder_version=&#8221;4.0.6&#8243;][et_pb_image src=&#8221;https:\/\/www.casadellabibbia.it\/wp\/wp-content\/uploads\/2020\/03\/bathsheba-appartata.jpg&#8221; align=&#8221;center&#8221; _builder_version=&#8221;4.4.1&#8243;][\/et_pb_image][\/et_pb_column][et_pb_column type=&#8221;2_3&#8243; _builder_version=&#8221;4.0.6&#8243;][et_pb_text _builder_version=&#8221;4.4.1&#8243; text_font_size=&#8221;19px&#8221;]<\/p>\n<p><strong>Bathsheba Appartata<\/strong><br \/> <span style=\"text-decoration: line-through;\">12,00 \u20ac<\/span>\u00a0\u00a0 <strong><span style=\"color: #ff6600;\">7,00 \u20ac<\/span><\/strong><br \/> Risparmia <strong><span style=\"color: #ff6600;\">42%<\/span><\/strong><\/p>\n<p>Lathsheba \u00e8 una donna che ha portato con dignit\u00e0 il fardello del disprezzo per gli errori commessi, restando appartata. Alla fine vide uno dei suoi figli salire sul trono di Israele ed essere ricordato come uno degli uomini pi\u00f9 saggi di tutti i tempi, Salomone. Dedicato a tutti coloro che sono caduti, ma che hanno trovato il coraggio di rialzarsi.<\/p>\n<p><strong><a href=\"https:\/\/www.casadellabibbia.it\/adulti\/562-bathsheba-appartata-9788873380672.html\" target=\"_blank\" rel=\"noopener noreferrer\"><span style=\"color: #ff6600;\">&gt; INFORMAZIONI E ACQUISTI<\/span><\/a><\/strong><\/p>\n<p>[\/et_pb_text][\/et_pb_column][\/et_pb_row][et_pb_row column_structure=&#8221;1_3,2_3&#8243; make_equal=&#8221;on&#8221; _builder_version=&#8221;4.0.6&#8243; custom_css_main_element=&#8221;align-items: center;&#8221;][et_pb_column type=&#8221;1_3&#8243; _builder_version=&#8221;4.0.6&#8243;][et_pb_image src=&#8221;https:\/\/www.casadellabibbia.it\/wp\/wp-content\/uploads\/2020\/03\/tamar-indifesa.jpg&#8221; align=&#8221;center&#8221; _builder_version=&#8221;4.4.1&#8243;][\/et_pb_image][\/et_pb_column][et_pb_column type=&#8221;2_3&#8243; _builder_version=&#8221;4.0.6&#8243;][et_pb_text _builder_version=&#8221;4.4.1&#8243; text_font_size=&#8221;19px&#8221;]<\/p>\n<p><strong>Tamar Indifesa<\/strong><br \/> <span style=\"text-decoration: line-through;\">12,00 \u20ac<\/span>\u00a0\u00a0 <strong><span style=\"color: #ff6600;\">7,00 \u20ac<\/span><\/strong><br \/> Risparmia <strong><span style=\"color: #ff6600;\">42%<\/span><\/strong><\/p>\n<p>Il romanzo racconta la storia di Tamar che significa &#8220;palma da dattero&#8221; un nome adatto ad una persona che sarebbe diventata bella e aggraziata. Tamar avrebbe dovuto affrontare e superare insormontabili difficolt\u00e0. La sua speranza, il suo coraggio e la sua determinazione le permisero di entrare nella stirpe da cui sarebbe disceso Colui che avrebbe cambiato per sempre il destino dell&#8217;umanit\u00e0. Un libro dedicato a tutti coloro che hanno subito degli abusi e che chiedono giustizia.<\/p>\n<p><span style=\"color: #ff6600;\"><a href=\"https:\/\/www.casadellabibbia.it\/adulti\/553-tamar-indifesa-9788873380511.html\" target=\"_blank\" rel=\"noopener noreferrer\" style=\"color: #ff6600;\"><strong>&gt; INFORMAZIONI E ACQUISTI<\/strong><\/a><\/span><\/p>\n<p>[\/et_pb_text][\/et_pb_column][\/et_pb_row][et_pb_row column_structure=&#8221;1_3,2_3&#8243; make_equal=&#8221;on&#8221; _builder_version=&#8221;4.0.6&#8243; custom_css_main_element=&#8221;align-items: center;&#8221;][et_pb_column type=&#8221;1_3&#8243; _builder_version=&#8221;4.0.6&#8243;][et_pb_image src=&#8221;https:\/\/www.casadellabibbia.it\/wp\/wp-content\/uploads\/2020\/03\/la-figlia-del-perdono.jpg&#8221; align=&#8221;center&#8221; _builder_version=&#8221;4.4.1&#8243;][\/et_pb_image][\/et_pb_column][et_pb_column type=&#8221;2_3&#8243; _builder_version=&#8221;4.0.6&#8243;][et_pb_text _builder_version=&#8221;4.4.1&#8243; text_font_size=&#8221;19px&#8221;]<\/p>\n<p><strong>La figlia del perdono<\/strong><br \/><span style=\"text-decoration: line-through;\">20,00 \u20ac<\/span>\u00a0\u00a0 <strong><span style=\"color: #ff6600;\">13,00 \u20ac<\/span><\/strong><br \/>Risparmia <span style=\"color: #ff6600;\"><strong>35%<\/strong><\/span><\/p>\n<p>In un attimo, atroce e terrificante, l&#8217;esistenza perfetta di Dynah viene ridotta in pezzi da uno stupro; il suo futuro viene irrevocabilmente compromesso da una gravidanza indesiderata. La sua fede, apparentemente solida come una roccia, viene spinta al limite quando si ritrova ad affrontare la scelta pi\u00f9 difficile della sua vita: accettare o porre fine alla vita inopportuna che sta crescendo dentro di lei. Ognuno dovr\u00e0 fare i conti con le proprie paure irrisolte e con ci\u00f2 che comporta vivere la verit\u00e0 quando il prezzo da pagare \u00e8 molto alto.<\/p>\n<p><strong><span style=\"color: #ff6600;\"><a href=\"https:\/\/www.casadellabibbia.it\/adulti\/552-la-figlia-del-perdono-9788873380528.html\" target=\"_blank\" rel=\"noopener noreferrer\" style=\"color: #ff6600;\">&gt; INFORMAZIONI E ACQUISTI<\/a><\/span><\/strong><\/p>\n<p>[\/et_pb_text][\/et_pb_column][\/et_pb_row][et_pb_row column_structure=&#8221;1_3,2_3&#8243; make_equal=&#8221;on&#8221; _builder_version=&#8221;4.0.6&#8243; custom_css_main_element=&#8221;align-items: center;&#8221;][et_pb_column type=&#8221;1_3&#8243; _builder_version=&#8221;4.0.6&#8243;][et_pb_image src=&#8221;https:\/\/www.casadellabibbia.it\/wp\/wp-content\/uploads\/2020\/03\/lultimo-mangia-peccati.jpg&#8221; align=&#8221;center&#8221; _builder_version=&#8221;4.4.1&#8243;][\/et_pb_image][\/et_pb_column][et_pb_column type=&#8221;2_3&#8243; _builder_version=&#8221;4.0.6&#8243;][et_pb_text _builder_version=&#8221;4.4.1&#8243; text_font_size=&#8221;19px&#8221;]<\/p>\n<p><strong>L&#8217;ultimo mangia peccati<\/strong><br \/><span style=\"text-decoration: line-through;\">18,00 \u20ac<\/span>\u00a0\u00a0 <strong><span style=\"color: #ff6600;\">12,00 \u20ac<\/span><\/strong><br \/>Risparmia <span style=\"color: #ff6600;\"><strong>33%<\/strong><\/span><\/p>\n<p>L\u2019ultimo Mangia-Peccati&#8221; \u00e8 una combinazione magistralmente miscelata di personaggi realistici, di accuratezza storico-ambientale e di avvincente mistero. Come \u00e8 sua consuetudine, Francine Rivers intreccia una trama che si spinge oltre il puro intrattenimento e tocca il cuore e lo spirito dei lettori, indicandoci l\u2019Unico che pu\u00f2 realmente renderci liberi.<\/p>\n<p><strong><span style=\"color: #ff6600;\"><a href=\"https:\/\/www.casadellabibbia.it\/adulti\/559-lultimo-mangia-peccati-9788873380603.html\" target=\"_blank\" rel=\"noopener noreferrer\" style=\"color: #ff6600;\">&gt; INFORMAZIONI E ACQUISTI<\/a><\/span><\/strong><\/p>\n<p>[\/et_pb_text][\/et_pb_column][\/et_pb_row][et_pb_row column_structure=&#8221;1_3,2_3&#8243; make_equal=&#8221;on&#8221; _builder_version=&#8221;4.0.6&#8243; custom_css_main_element=&#8221;align-items: center;&#8221;][et_pb_column type=&#8221;1_3&#8243; _builder_version=&#8221;4.0.6&#8243;][et_pb_image src=&#8221;https:\/\/www.casadellabibbia.it\/wp\/wp-content\/uploads\/2020\/03\/uneco-nelle-tenebre.jpg&#8221; align=&#8221;center&#8221; _builder_version=&#8221;4.4.1&#8243;][\/et_pb_image][\/et_pb_column][et_pb_column type=&#8221;2_3&#8243; _builder_version=&#8221;4.0.6&#8243;][et_pb_text _builder_version=&#8221;4.4.1&#8243; text_font_size=&#8221;19px&#8221;]<\/p>\n<p><strong>Un&#8217;eco nelle tenebre<\/strong><br \/><span style=\"text-decoration: line-through;\">20,00 \u20ac<\/span>\u00a0\u00a0 <span style=\"color: #ff6600;\"><strong>13,00 \u20ac<\/strong><\/span><br \/>Risparmia <strong><span style=\"color: #ff6600;\">35%<\/span><\/strong><\/p>\n<p>Tormentato dai ricordi del passato, consumato dall&#8217;odio verso chi gli ha strappato la ragione stessa della sua esistenza, Marco decide di intraprendere un lungo viaggio che lo porter\u00e0 a fare i conti con se stesso, dove scoprir\u00e0 che il Dio &#8220;invisibile&#8221; che vuole temerariamente affrontare ha accolto la sua sfida.<\/p>\n<p><span style=\"color: #ff6600;\"><strong><a href=\"https:\/\/www.casadellabibbia.it\/adulti\/560-uneco-nelle-tenebre-9788873380665.html\" target=\"_blank\" rel=\"noopener noreferrer\" style=\"color: #ff6600;\">&gt; INFORMAZIONI E ACQUISTI<\/a><\/strong><\/span><\/p>\n<p>[\/et_pb_text][\/et_pb_column][\/et_pb_row][et_pb_row column_structure=&#8221;1_3,2_3&#8243; make_equal=&#8221;on&#8221; _builder_version=&#8221;4.0.6&#8243; custom_css_main_element=&#8221;align-items: center;&#8221;][et_pb_column type=&#8221;1_3&#8243; _builder_version=&#8221;4.0.6&#8243;][et_pb_image src=&#8221;https:\/\/www.casadellabibbia.it\/wp\/wp-content\/uploads\/2020\/03\/come-laurora.jpg&#8221; align=&#8221;center&#8221; _builder_version=&#8221;4.4.1&#8243;][\/et_pb_image][\/et_pb_column][et_pb_column type=&#8221;2_3&#8243; _builder_version=&#8221;4.0.6&#8243;][et_pb_text _builder_version=&#8221;4.4.1&#8243; text_font_size=&#8221;19px&#8221;]<\/p>\n<p><strong>Come l\u2019Aurora<\/strong><br \/><span style=\"text-decoration: line-through;\">22,00 \u20ac<\/span>\u00a0\u00a0 <span style=\"color: #ff6600;\"><strong>14,00 \u20ac<\/strong><\/span><br \/>Risparmia <span style=\"color: #ff6600;\"><strong>36%<\/strong><\/span><\/p>\n<p>Si conclude con il terzo ed ultimo volume, &#8220;Come l\u2019Aurora&#8221;, l\u2019avvincente saga ambientata all\u2019epoca dell\u2019Impero Romano. Da Efeso a Roma, attraverso il Mediterraneo, e poi fino alle oscure foreste della Germania, il lettore seguir\u00e0 con il fiato sospeso l\u2019odissea di Atrete che andr\u00e0 incontro al suo destino.<\/p>\n<p><span style=\"color: #ff6600;\"><strong><a href=\"https:\/\/www.casadellabibbia.it\/adulti\/566-come-laurora-9788873380740.html\" target=\"_blank\" rel=\"noopener noreferrer\" style=\"color: #ff6600;\">&gt; INFORMAZIONI E ACQUISTI<\/a><\/strong><\/span><\/p>\n<p>[\/et_pb_text][\/et_pb_column][\/et_pb_row][et_pb_row column_structure=&#8221;1_3,2_3&#8243; make_equal=&#8221;on&#8221; _builder_version=&#8221;4.0.6&#8243; custom_padding=&#8221;||5px|||&#8221; custom_css_main_element=&#8221;align-items: center;&#8221;][et_pb_column type=&#8221;1_3&#8243; _builder_version=&#8221;4.0.6&#8243;][et_pb_image src=&#8221;https:\/\/www.casadellabibbia.it\/wp\/wp-content\/uploads\/2020\/03\/maria-intrepida.jpg&#8221; align=&#8221;center&#8221; _builder_version=&#8221;4.4.1&#8243;][\/et_pb_image][\/et_pb_column][et_pb_column type=&#8221;2_3&#8243; _builder_version=&#8221;4.0.6&#8243;][et_pb_text _builder_version=&#8221;4.4.1&#8243; text_font_size=&#8221;19px&#8221;]<\/p>\n<p><strong>Maria &#8211; Intrepida<\/strong><br \/><span style=\"text-decoration: line-through;\">12,00 \u20ac<\/span>\u00a0\u00a0\u00a0 <span style=\"color: #ff6600;\"><strong>7,00 \u20ac<\/strong><\/span><br \/>Risparmia <span style=\"color: #ff6600;\"><strong>42%<\/strong><\/span><\/p>\n<p>Tutta l\u2019eternit\u00e0 aveva atteso questo momento. E Dio scelse una donna. Maria. Il romanzo mette in risalto alcuni aspetti della vita di Maria che, quale giovane piena di speranze e aspettative per il proprio futuro e quello del suo popolo, si ritrova ad essere scelta quale strumento del pi\u00f9 grande disegno divino: quello di diventare la madre del Messia atteso da lungo tempo, Ges\u00f9.<\/p>\n<p><span style=\"color: #ff6600;\"><strong><a href=\"https:\/\/www.casadellabibbia.it\/adulti\/565-maria---intrepida-9788873380719.html\" target=\"_blank\" rel=\"noopener noreferrer\" style=\"color: #ff6600;\">&gt; INFORMAZIONI E ACQUISTI<\/a><\/strong><\/span><\/p>\n<p>[\/et_pb_text][\/et_pb_column][\/et_pb_row][et_pb_row _builder_version=&#8221;4.4.1&#8243;][et_pb_column type=&#8221;4_4&#8243; _builder_version=&#8221;4.4.1&#8243;][et_pb_text _builder_version=&#8221;4.4.1&#8243; text_font_size=&#8221;19px&#8221; header_3_text_align=&#8221;center&#8221; header_3_font_size=&#8221;34px&#8221;]<\/p>\n<h3><span style=\"color: #ff6600;\"><strong>ULTIME NOVIT\u00c0<\/strong><\/span><\/h3>\n<p>[\/et_pb_text][\/et_pb_column][\/et_pb_row][et_pb_row column_structure=&#8221;1_3,2_3&#8243; make_equal=&#8221;on&#8221; _builder_version=&#8221;4.0.6&#8243; custom_padding=&#8221;||5px|||&#8221; custom_css_main_element=&#8221;align-items: center;&#8221;][et_pb_column type=&#8221;1_3&#8243; _builder_version=&#8221;4.0.6&#8243;][et_pb_image src=&#8221;https:\/\/www.casadellabibbia.it\/wp\/wp-content\/uploads\/2020\/03\/riscatto-damore.jpg&#8221; align=&#8221;center&#8221; _builder_version=&#8221;4.4.1&#8243;][\/et_pb_image][\/et_pb_column][et_pb_column type=&#8221;2_3&#8243; _builder_version=&#8221;4.0.6&#8243;][et_pb_text _builder_version=&#8221;4.4.1&#8243; text_font_size=&#8221;19px&#8221;]<\/p>\n<p><strong>Riscatto d\u2019amore<\/strong><br \/><span style=\"color: #ff6600;\"><strong>22,00 \u20ac<\/strong><\/span><\/p>\n<p>Riscatto d&#8217;amore \u00e8 una storia appassionante e coinvolgente, entusiasmante e commovente. La vita di perdizione della protagonista Angel, il ritratto di un\u2019umanit\u00e0 spietata e priva di sentimenti e il contrasto con la figura di Michael, fanno di questo libro un racconto particolarmente avvincente, che manterr\u00e0 acceso l\u2019interesse del lettore fino all\u2019ultima pagina&#8230;\u00a0<\/p>\n<p><span style=\"color: #ff6600;\"><strong><a href=\"https:\/\/www.casadellabibbia.it\/adulti\/6290-riscatto-damore-9788897963950.html\" target=\"_blank\" rel=\"noopener noreferrer\" style=\"color: #ff6600;\">&gt; INFORMAZIONI E ACQUISTI<\/a><\/strong><\/span><\/p>\n<p>[\/et_pb_text][\/et_pb_column][\/et_pb_row][et_pb_row make_equal=&#8221;on&#8221; _builder_version=&#8221;4.0.6&#8243; custom_css_main_element=&#8221;align-items: center;&#8221;][et_pb_column type=&#8221;4_4&#8243; _builder_version=&#8221;4.0.6&#8243;][et_pb_divider _builder_version=&#8221;4.0.6&#8243;][\/et_pb_divider][\/et_pb_column][\/et_pb_row][et_pb_row _builder_version=&#8221;4.4.1&#8243; custom_margin=&#8221;-44px|auto||auto||&#8221;][et_pb_column type=&#8221;4_4&#8243; _builder_version=&#8221;4.4.1&#8243;][et_pb_image src=&#8221;https:\/\/www.casadellabibbia.it\/wp\/wp-content\/uploads\/2020\/03\/Immagine-SPEDIZIONI-900.jpg&#8221; align=&#8221;center&#8221; _builder_version=&#8221;4.4.1&#8243;][\/et_pb_image][et_pb_text _builder_version=&#8221;4.4.1&#8243; header_2_text_align=&#8221;center&#8221; header_2_font_size=&#8221;34px&#8221; header_2_line_height=&#8221;1.2em&#8221; hover_enabled=&#8221;0&#8243; text_font_size_last_edited=&#8221;on|phone&#8221; text_font_size_phone=&#8221;22px&#8221; content_last_edited=&#8221;off|desktop&#8221; header_font_size_last_edited=&#8221;on|desktop&#8221; header_font_size_phone=&#8221;23px&#8221; text_font_size=&#8221;33px&#8221;]<\/p>\n<p style=\"text-align: center;\"><strong>DISPONIBILI <span style=\"color: #ff6600;\">4000<\/span> TITOLI <\/strong><\/p>\n<p style=\"text-align: center;\"><strong>BIBBIE &#8211; LIBRI &#8211; DVD<\/strong><\/p>\n<p style=\"text-align: center;\"><strong>\u00a0<span style=\"color: #ff6600;\"><a href=\"https:\/\/www.casadellabibbia.it\" target=\"_blank\" rel=\"noopener noreferrer\" style=\"color: #ff6600;\">WWW.CASADELLABIBBIA.IT<\/a><\/span><\/strong><\/p>\n<p>[\/et_pb_text][\/et_pb_column][\/et_pb_row][et_pb_row make_equal=&#8221;on&#8221; _builder_version=&#8221;4.0.6&#8243; custom_padding=&#8221;6px|||||&#8221; custom_css_main_element=&#8221;align-items: center;&#8221;][et_pb_column type=&#8221;4_4&#8243; _builder_version=&#8221;4.0.6&#8243;][et_pb_text _builder_version=&#8221;4.0.6&#8243;]<\/p>\n<h2 style=\"text-align: center;\"><strong>La Casa della Bibbia<\/strong><\/h2>\n<p style=\"text-align: center;\">Via Massari 189 &#8211; 10148 Torino &#8211; Italia<br \/>Tel: 0112052386 &#8211; informazioni@casadellabibbia.it<br \/>P IVA 06582980014 &#8211; R.E.A. Torino 798378<br \/><a href=\"https:\/\/www.casadellabibbia.it\/content\/7-informativa-sulla-privacy\" target=\"_blank\" rel=\"noopener noreferrer\">Informativa privacy<\/a> &#8211; <a href=\"https:\/\/www.casadellabibbia.it\/content\/11-cookies-pplicy\" target=\"_blank\" rel=\"noopener noreferrer\">Cookies policy<\/a><\/p>\n<p>[\/et_pb_text][\/et_pb_column][\/et_pb_row][\/et_pb_section]<\/p>\n","protected":false},"excerpt":{"rendered":"<p>SCONTI FINO A &#8211; 42% VALIDA FINO A ESAURIMENTO SCORTE FRANCINE S. RIVERS Scrittrice di successo, elencata tra gli autori di best-seller dal New York Times, ha pubblicato numerosi romanzi di successo con temi cristiani. Riscatto d\u2019amore, annoverato tra i classici della narrativa cristiana, \u00e8 considerato il manifesto della sua fede. I suoi romanzi, tradotti [&hellip;]<\/p>\n","protected":false},"author":1,"featured_media":0,"parent":0,"menu_order":0,"comment_status":"closed","ping_status":"closed","template":"page-template-blank.php","meta":{"_et_pb_use_builder":"on","_et_pb_old_content":"","_et_gb_content_width":"","footnotes":""},"class_list":["post-268","page","type-page","status-publish","hentry"],"_links":{"self":[{"href":"https:\/\/www.casadellabibbia.it\/wp\/wp-json\/wp\/v2\/pages\/268","targetHints":{"allow":["GET"]}}],"collection":[{"href":"https:\/\/www.casadellabibbia.it\/wp\/wp-json\/wp\/v2\/pages"}],"about":[{"href":"https:\/\/www.casadellabibbia.it\/wp\/wp-json\/wp\/v2\/types\/page"}],"author":[{"embeddable":true,"href":"https:\/\/www.casadellabibbia.it\/wp\/wp-json\/wp\/v2\/users\/1"}],"replies":[{"embeddable":true,"href":"https:\/\/www.casadellabibbia.it\/wp\/wp-json\/wp\/v2\/comments?post=268"}],"version-history":[{"count":16,"href":"https:\/\/www.casadellabibbia.it\/wp\/wp-json\/wp\/v2\/pages\/268\/revisions"}],"predecessor-version":[{"id":309,"href":"https:\/\/www.casadellabibbia.it\/wp\/wp-json\/wp\/v2\/pages\/268\/revisions\/309"}],"wp:attachment":[{"href":"https:\/\/www.casadellabibbia.it\/wp\/wp-json\/wp\/v2\/media?parent=268"}],"curies":[{"name":"wp","href":"https:\/\/api.w.org\/{rel}","templated":true}]}}